{"id":7147,"date":"2023-03-20T15:31:10","date_gmt":"2023-03-20T18:31:10","guid":{"rendered":"https:\/\/www.2clics.app\/?page_id=7147"},"modified":"2023-06-07T14:36:21","modified_gmt":"2023-06-07T17:36:21","slug":"academia-ventas","status":"publish","type":"page","link":"https:\/\/2clics.app\/uy\/academia-ventas","title":{"rendered":"academia-ventas"},"content":{"rendered":"\t\t<div data-elementor-type=\"wp-page\" data-elementor-id=\"7147\" class=\"elementor elementor-7147\" data-elementor-post-type=\"page\">\n\t\t\t\t\t\t\t\t\t<section class=\"elementor-section elementor-top-section elementor-element elementor-element-4d20d1f8 elementor-section-boxed elementor-section-height-default elementor-section-height-default\" data-id=\"4d20d1f8\" data-element_type=\"section\" data-settings=\"{&quot;background_background&quot;:&quot;classic&quot;}\">\n\t\t\t\t\t\t<div class=\"elementor-container elementor-column-gap-default\">\n\t\t\t\t\t<div class=\"elementor-column elementor-col-33 elementor-top-column elementor-element elementor-element-388881b\" data-id=\"388881b\" data-element_type=\"column\">\n\t\t\t<div class=\"elementor-widget-wrap elementor-element-populated\">\n\t\t\t\t\t\t\t\t<div class=\"elementor-element elementor-element-7489e82 elementor-widget elementor-widget-image\" data-id=\"7489e82\" data-element_type=\"widget\" data-widget_type=\"image.default\">\n\t\t\t\t<div class=\"elementor-widget-container\">\n\t\t\t<style>\/*! elementor - v3.16.0 - 20-09-2023 *\/\n.elementor-widget-image{text-align:center}.elementor-widget-image a{display:inline-block}.elementor-widget-image a img[src$=\".svg\"]{width:48px}.elementor-widget-image img{vertical-align:middle;display:inline-block}<\/style>\t\t\t\t\t\t\t\t\t\t\t\t\t<a href=\"https:\/\/www.2clics.app\/blog\/\">\n\t\t\t\t\t\t\t<img decoding=\"async\" loading=\"lazy\" width=\"639\" height=\"179\" src=\"https:\/\/2clics.app\/uy\/wp-content\/uploads\/2023\/04\/logo-blog-2clics.svg\" class=\"attachment-large size-large wp-image-7977\" alt=\"\" \/>\t\t\t\t\t\t\t\t<\/a>\n\t\t\t\t\t\t\t\t\t\t\t\t\t\t\t<\/div>\n\t\t\t\t<\/div>\n\t\t\t\t\t<\/div>\n\t\t<\/div>\n\t\t\t\t<div class=\"elementor-column elementor-col-33 elementor-top-column elementor-element elementor-element-519df730\" data-id=\"519df730\" data-element_type=\"column\">\n\t\t\t<div class=\"elementor-widget-wrap elementor-element-populated\">\n\t\t\t\t\t\t\t\t<div class=\"elementor-element elementor-element-7dbeb279 elementor-nav-menu--dropdown-tablet elementor-nav-menu__text-align-aside elementor-nav-menu--toggle elementor-nav-menu--burger elementor-widget elementor-widget-nav-menu\" data-id=\"7dbeb279\" data-element_type=\"widget\" data-settings=\"{&quot;submenu_icon&quot;:{&quot;value&quot;:&quot;&lt;i class=\\&quot;\\&quot;&gt;&lt;\\\/i&gt;&quot;,&quot;library&quot;:&quot;&quot;},&quot;layout&quot;:&quot;horizontal&quot;,&quot;toggle&quot;:&quot;burger&quot;}\" data-widget_type=\"nav-menu.default\">\n\t\t\t\t<div class=\"elementor-widget-container\">\n\t\t\t<link rel=\"stylesheet\" href=\"https:\/\/2clics.app\/wp-content\/plugins\/elementor-pro\/assets\/css\/widget-nav-menu.min.css\">\t\t\t<nav class=\"elementor-nav-menu--main elementor-nav-menu__container elementor-nav-menu--layout-horizontal e--pointer-text e--animation-float\">\n\t\t\t\t<ul id=\"menu-1-7dbeb279\" class=\"elementor-nav-menu\"><li class=\"menu-item menu-item-type-post_type menu-item-object-page menu-item-7157\"><a href=\"https:\/\/2clics.app\/uy\/academia-ventas\" class=\"elementor-item menu-link\">Ventas<\/a><\/li>\n<li class=\"menu-item menu-item-type-post_type menu-item-object-page menu-item-7156\"><a href=\"https:\/\/2clics.app\/uy\/academia-marketing\" class=\"elementor-item menu-link\">Marketing<\/a><\/li>\n<li class=\"menu-item menu-item-type-post_type menu-item-object-page menu-item-7155\"><a href=\"https:\/\/2clics.app\/uy\/academia-actualizaciones-de-producto\" class=\"elementor-item menu-link\">Actualizaciones de producto<\/a><\/li>\n<\/ul>\t\t\t<\/nav>\n\t\t\t\t\t<div class=\"elementor-menu-toggle\" role=\"button\" tabindex=\"0\" aria-label=\"Menu Toggle\" aria-expanded=\"false\">\n\t\t\t<i aria-hidden=\"true\" role=\"presentation\" class=\"elementor-menu-toggle__icon--open eicon-menu-bar\"><\/i><i aria-hidden=\"true\" role=\"presentation\" class=\"elementor-menu-toggle__icon--close eicon-close\"><\/i>\t\t\t<span class=\"elementor-screen-only\">Menu<\/span>\n\t\t<\/div>\n\t\t\t\t\t<nav class=\"elementor-nav-menu--dropdown elementor-nav-menu__container\" aria-hidden=\"true\">\n\t\t\t\t<ul id=\"menu-2-7dbeb279\" class=\"elementor-nav-menu\"><li class=\"menu-item menu-item-type-post_type menu-item-object-page menu-item-7157\"><a href=\"https:\/\/2clics.app\/uy\/academia-ventas\" class=\"elementor-item menu-link\" tabindex=\"-1\">Ventas<\/a><\/li>\n<li class=\"menu-item menu-item-type-post_type menu-item-object-page menu-item-7156\"><a href=\"https:\/\/2clics.app\/uy\/academia-marketing\" class=\"elementor-item menu-link\" tabindex=\"-1\">Marketing<\/a><\/li>\n<li class=\"menu-item menu-item-type-post_type menu-item-object-page menu-item-7155\"><a href=\"https:\/\/2clics.app\/uy\/academia-actualizaciones-de-producto\" class=\"elementor-item menu-link\" tabindex=\"-1\">Actualizaciones de producto<\/a><\/li>\n<\/ul>\t\t\t<\/nav>\n\t\t\t\t<\/div>\n\t\t\t\t<\/div>\n\t\t\t\t\t<\/div>\n\t\t<\/div>\n\t\t\t\t<div class=\"elementor-column elementor-col-33 elementor-top-column elementor-element elementor-element-5d56dc0\" data-id=\"5d56dc0\" data-element_type=\"column\">\n\t\t\t<div class=\"elementor-widget-wrap\">\n\t\t\t\t\t\t\t\t\t<\/div>\n\t\t<\/div>\n\t\t\t\t\t\t\t<\/div>\n\t\t<\/section>\n\t\t\t\t<section class=\"elementor-section elementor-top-section elementor-element elementor-element-16dd1896 elementor-section-boxed elementor-section-height-default elementor-section-height-default\" data-id=\"16dd1896\" data-element_type=\"section\">\n\t\t\t\t\t\t<div class=\"elementor-container elementor-column-gap-default\">\n\t\t\t\t\t<div class=\"elementor-column elementor-col-50 elementor-top-column elementor-element elementor-element-6f204f0f\" data-id=\"6f204f0f\" data-element_type=\"column\">\n\t\t\t<div class=\"elementor-widget-wrap elementor-element-populated\">\n\t\t\t\t\t\t\t\t<div class=\"elementor-element elementor-element-1e352f10 elementor-widget elementor-widget-image\" data-id=\"1e352f10\" data-element_type=\"widget\" data-widget_type=\"image.default\">\n\t\t\t\t<div class=\"elementor-widget-container\">\n\t\t\t\t\t\t\t\t\t\t\t\t\t\t\t\t<a href=\"https:\/\/www.2clics.app\/portales-inmobiliarios\/\">\n\t\t\t\t\t\t\t<img decoding=\"async\" loading=\"lazy\" width=\"800\" height=\"528\" src=\"https:\/\/2clics.app\/uy\/wp-content\/uploads\/2023\/03\/crear-proceso-de-ventas.png\" class=\"attachment-large size-large wp-image-7534\" alt=\"proceso de ventas inmobiliaria\" srcset=\"https:\/\/2clics.app\/uy\/wp-content\/uploads\/2023\/03\/crear-proceso-de-ventas.png 800w, https:\/\/2clics.app\/uy\/wp-content\/uploads\/2023\/03\/crear-proceso-de-ventas-300x198.png 300w, https:\/\/2clics.app\/uy\/wp-content\/uploads\/2023\/03\/crear-proceso-de-ventas-768x507.png 768w\" sizes=\"(max-width: 800px) 100vw, 800px\" \/>\t\t\t\t\t\t\t\t<\/a>\n\t\t\t\t\t\t\t\t\t\t\t\t\t\t\t<\/div>\n\t\t\t\t<\/div>\n\t\t\t\t\t<\/div>\n\t\t<\/div>\n\t\t\t\t<div class=\"elementor-column elementor-col-50 elementor-top-column elementor-element elementor-element-20ebbdf2\" data-id=\"20ebbdf2\" data-element_type=\"column\">\n\t\t\t<div class=\"elementor-widget-wrap elementor-element-populated\">\n\t\t\t\t\t\t\t\t<div class=\"elementor-element elementor-element-5993069 elementor-widget elementor-widget-heading\" data-id=\"5993069\" data-element_type=\"widget\" data-widget_type=\"heading.default\">\n\t\t\t\t<div class=\"elementor-widget-container\">\n\t\t\t<style>\/*! elementor - v3.16.0 - 20-09-2023 *\/\n.elementor-heading-title{padding:0;margin:0;line-height:1}.elementor-widget-heading .elementor-heading-title[class*=elementor-size-]>a{color:inherit;font-size:inherit;line-height:inherit}.elementor-widget-heading .elementor-heading-title.elementor-size-small{font-size:15px}.elementor-widget-heading .elementor-heading-title.elementor-size-medium{font-size:19px}.elementor-widget-heading .elementor-heading-title.elementor-size-large{font-size:29px}.elementor-widget-heading .elementor-heading-title.elementor-size-xl{font-size:39px}.elementor-widget-heading .elementor-heading-title.elementor-size-xxl{font-size:59px}<\/style><h2 class=\"elementor-heading-title elementor-size-default\"><a href=\"https:\/\/www.2clics.app\/como-crear-tu-primer-proceso-de-ventas\/\">\u00bfC\u00f3mo crear un proceso de ventas para tu inmobiliaria?<\/a><\/h2>\t\t<\/div>\n\t\t\t\t<\/div>\n\t\t\t\t<div class=\"elementor-element elementor-element-2ad74a61 elementor-widget elementor-widget-heading\" data-id=\"2ad74a61\" data-element_type=\"widget\" data-widget_type=\"heading.default\">\n\t\t\t\t<div class=\"elementor-widget-container\">\n\t\t\t<p class=\"elementor-heading-title elementor-size-default\"><a href=\"https:\/\/www.2clics.app\/como-crear-tu-primer-proceso-de-ventas\/\">Crear un proceso de ventas, te ayudar\u00e1 tanto con el seguimiento de tus negocios y consultas como para optimizar donde invertir para conseguir m\u00e1s interesados...<br>Crear un proceso de ventas puede ser tedioso, pero una vez que todo marcha sobre rieles agradecer\u00e1s haberlo hecho, aprende como crearlo aqu\u00ed.<\/a><\/p>\t\t<\/div>\n\t\t\t\t<\/div>\n\t\t\t\t<div class=\"elementor-element elementor-element-5ec5bf0c elementor-widget elementor-widget-heading\" data-id=\"5ec5bf0c\" data-element_type=\"widget\" data-widget_type=\"heading.default\">\n\t\t\t\t<div class=\"elementor-widget-container\">\n\t\t\t<p class=\"elementor-heading-title elementor-size-default\"><a href=\"https:\/\/www.2clics.app\/como-crear-tu-primer-proceso-de-ventas\/\">Leer m\u00e1s...<\/a><\/p>\t\t<\/div>\n\t\t\t\t<\/div>\n\t\t\t\t\t<\/div>\n\t\t<\/div>\n\t\t\t\t\t\t\t<\/div>\n\t\t<\/section>\n\t\t\t\t<section class=\"elementor-section elementor-top-section elementor-element elementor-element-024ce2e elementor-section-boxed elementor-section-height-default elementor-section-height-default\" data-id=\"024ce2e\" data-element_type=\"section\">\n\t\t\t\t\t\t<div class=\"elementor-container elementor-column-gap-default\">\n\t\t\t\t\t<div class=\"elementor-column elementor-col-100 elementor-top-column elementor-element elementor-element-e48bcf2\" data-id=\"e48bcf2\" data-element_type=\"column\">\n\t\t\t<div class=\"elementor-widget-wrap elementor-element-populated\">\n\t\t\t\t\t\t\t\t<div class=\"elementor-element elementor-element-2bbbc70 elementor-widget-divider--view-line elementor-widget elementor-widget-divider\" data-id=\"2bbbc70\" data-element_type=\"widget\" data-widget_type=\"divider.default\">\n\t\t\t\t<div class=\"elementor-widget-container\">\n\t\t\t<style>\/*! elementor - v3.16.0 - 20-09-2023 *\/\n.elementor-widget-divider{--divider-border-style:none;--divider-border-width:1px;--divider-color:#0c0d0e;--divider-icon-size:20px;--divider-element-spacing:10px;--divider-pattern-height:24px;--divider-pattern-size:20px;--divider-pattern-url:none;--divider-pattern-repeat:repeat-x}.elementor-widget-divider .elementor-divider{display:flex}.elementor-widget-divider .elementor-divider__text{font-size:15px;line-height:1;max-width:95%}.elementor-widget-divider .elementor-divider__element{margin:0 var(--divider-element-spacing);flex-shrink:0}.elementor-widget-divider .elementor-icon{font-size:var(--divider-icon-size)}.elementor-widget-divider .elementor-divider-separator{display:flex;margin:0;direction:ltr}.elementor-widget-divider--view-line_icon .elementor-divider-separator,.elementor-widget-divider--view-line_text .elementor-divider-separator{align-items:center}.elementor-widget-divider--view-line_icon .elementor-divider-separator:after,.elementor-widget-divider--view-line_icon .elementor-divider-separator:before,.elementor-widget-divider--view-line_text .elementor-divider-separator:after,.elementor-widget-divider--view-line_text .elementor-divider-separator:before{display:block;content:\"\";border-bottom:0;flex-grow:1;border-top:var(--divider-border-width) var(--divider-border-style) var(--divider-color)}.elementor-widget-divider--element-align-left .elementor-divider .elementor-divider-separator>.elementor-divider__svg:first-of-type{flex-grow:0;flex-shrink:100}.elementor-widget-divider--element-align-left .elementor-divider-separator:before{content:none}.elementor-widget-divider--element-align-left .elementor-divider__element{margin-left:0}.elementor-widget-divider--element-align-right .elementor-divider .elementor-divider-separator>.elementor-divider__svg:last-of-type{flex-grow:0;flex-shrink:100}.elementor-widget-divider--element-align-right .elementor-divider-separator:after{content:none}.elementor-widget-divider--element-align-right .elementor-divider__element{margin-right:0}.elementor-widget-divider:not(.elementor-widget-divider--view-line_text):not(.elementor-widget-divider--view-line_icon) .elementor-divider-separator{border-top:var(--divider-border-width) var(--divider-border-style) var(--divider-color)}.elementor-widget-divider--separator-type-pattern{--divider-border-style:none}.elementor-widget-divider--separator-type-pattern.elementor-widget-divider--view-line .elementor-divider-separator,.elementor-widget-divider--separator-type-pattern:not(.elementor-widget-divider--view-line) .elementor-divider-separator:after,.elementor-widget-divider--separator-type-pattern:not(.elementor-widget-divider--view-line) .elementor-divider-separator:before,.elementor-widget-divider--separator-type-pattern:not([class*=elementor-widget-divider--view]) .elementor-divider-separator{width:100%;min-height:var(--divider-pattern-height);-webkit-mask-size:var(--divider-pattern-size) 100%;mask-size:var(--divider-pattern-size) 100%;-webkit-mask-repeat:var(--divider-pattern-repeat);mask-repeat:var(--divider-pattern-repeat);background-color:var(--divider-color);-webkit-mask-image:var(--divider-pattern-url);mask-image:var(--divider-pattern-url)}.elementor-widget-divider--no-spacing{--divider-pattern-size:auto}.elementor-widget-divider--bg-round{--divider-pattern-repeat:round}.rtl .elementor-widget-divider .elementor-divider__text{direction:rtl}.e-con-inner>.elementor-widget-divider,.e-con>.elementor-widget-divider{width:var(--container-widget-width,100%);--flex-grow:var(--container-widget-flex-grow)}<\/style>\t\t<div class=\"elementor-divider\">\n\t\t\t<span class=\"elementor-divider-separator\">\n\t\t\t\t\t\t<\/span>\n\t\t<\/div>\n\t\t\t\t<\/div>\n\t\t\t\t<\/div>\n\t\t\t\t\t<\/div>\n\t\t<\/div>\n\t\t\t\t\t\t\t<\/div>\n\t\t<\/section>\n\t\t\t\t<section class=\"elementor-section elementor-top-section elementor-element elementor-element-512188b7 elementor-section-boxed elementor-section-height-default elementor-section-height-default\" data-id=\"512188b7\" data-element_type=\"section\">\n\t\t\t\t\t\t<div class=\"elementor-container elementor-column-gap-default\">\n\t\t\t\t\t<div class=\"elementor-column elementor-col-50 elementor-top-column elementor-element elementor-element-545faaf6\" data-id=\"545faaf6\" data-element_type=\"column\">\n\t\t\t<div class=\"elementor-widget-wrap elementor-element-populated\">\n\t\t\t\t\t\t\t\t\t<\/div>\n\t\t<\/div>\n\t\t\t\t<div class=\"elementor-column elementor-col-50 elementor-top-column elementor-element elementor-element-4f1e226a\" data-id=\"4f1e226a\" data-element_type=\"column\">\n\t\t\t<div class=\"elementor-widget-wrap elementor-element-populated\">\n\t\t\t\t\t\t\t\t<div class=\"elementor-element elementor-element-6d9a4435 elementor-widget elementor-widget-heading\" data-id=\"6d9a4435\" data-element_type=\"widget\" data-widget_type=\"heading.default\">\n\t\t\t\t<div class=\"elementor-widget-container\">\n\t\t\t<h5 class=\"elementor-heading-title elementor-size-default\">Art\u00edculos populares<\/h5>\t\t<\/div>\n\t\t\t\t<\/div>\n\t\t\t\t<div class=\"elementor-element elementor-element-4e45e4b1 elementor-align-left elementor-mobile-align-center elementor-icon-list--layout-traditional elementor-list-item-link-full_width elementor-widget elementor-widget-icon-list\" data-id=\"4e45e4b1\" data-element_type=\"widget\" data-widget_type=\"icon-list.default\">\n\t\t\t\t<div class=\"elementor-widget-container\">\n\t\t\t<link rel=\"stylesheet\" href=\"https:\/\/2clics.app\/wp-content\/plugins\/elementor\/assets\/css\/widget-icon-list.min.css\">\t\t<ul class=\"elementor-icon-list-items\">\n\t\t\t\t\t\t\t<li class=\"elementor-icon-list-item\">\n\t\t\t\t\t\t\t\t\t\t\t<a href=\"https:\/\/www.2clics.com.ar\/factura-electronica-alquileres\/\" rel=\"nofollow\">\n\n\t\t\t\t\t\t\t\t\t\t\t<span class=\"elementor-icon-list-text\">5 claves para entender la facturaci\u00f3n electr\u00f3nica en alquileres<\/span>\n\t\t\t\t\t\t\t\t\t\t\t<\/a>\n\t\t\t\t\t\t\t\t\t<\/li>\n\t\t\t\t\t\t\t\t<li class=\"elementor-icon-list-item\">\n\t\t\t\t\t\t\t\t\t\t\t<a href=\"https:\/\/www.2clics.com.ar\/portales-inmobiliarios\/\">\n\n\t\t\t\t\t\t\t\t\t\t\t<span class=\"elementor-icon-list-text\">Portales inmobiliarios<\/span>\n\t\t\t\t\t\t\t\t\t\t\t<\/a>\n\t\t\t\t\t\t\t\t\t<\/li>\n\t\t\t\t\t\t\t\t<li class=\"elementor-icon-list-item\">\n\t\t\t\t\t\t\t\t\t\t\t<a href=\"https:\/\/www.2clics.com.ar\/vender-propiedad-rapido-2020\/\">\n\n\t\t\t\t\t\t\t\t\t\t\t<span class=\"elementor-icon-list-text\">Vender una propiedad r\u00e1pido<\/span>\n\t\t\t\t\t\t\t\t\t\t\t<\/a>\n\t\t\t\t\t\t\t\t\t<\/li>\n\t\t\t\t\t\t\t\t<li class=\"elementor-icon-list-item\">\n\t\t\t\t\t\t\t\t\t\t\t<a href=\"https:\/\/www.2clics.com.ar\/estrategia-captacion-inmuebles\/\">\n\n\t\t\t\t\t\t\t\t\t\t\t<span class=\"elementor-icon-list-text\">Las 5 mejores estrategias de captaci\u00f3n de inmuebles<\/span>\n\t\t\t\t\t\t\t\t\t\t\t<\/a>\n\t\t\t\t\t\t\t\t\t<\/li>\n\t\t\t\t\t\t<\/ul>\n\t\t\t\t<\/div>\n\t\t\t\t<\/div>\n\t\t\t\t\t<\/div>\n\t\t<\/div>\n\t\t\t\t\t\t\t<\/div>\n\t\t<\/section>\n\t\t\t\t<section class=\"elementor-section elementor-top-section elementor-element elementor-element-bf46f6a elementor-section-boxed elementor-section-height-default elementor-section-height-default\" data-id=\"bf46f6a\" data-element_type=\"section\">\n\t\t\t\t\t\t<div class=\"elementor-container elementor-column-gap-default\">\n\t\t\t\t\t<div class=\"elementor-column elementor-col-100 elementor-top-column elementor-element elementor-element-eaf5397\" data-id=\"eaf5397\" data-element_type=\"column\">\n\t\t\t<div class=\"elementor-widget-wrap elementor-element-populated\">\n\t\t\t\t\t\t\t\t\t<\/div>\n\t\t<\/div>\n\t\t\t\t\t\t\t<\/div>\n\t\t<\/section>\n\t\t\t\t\t\t\t<\/div>\n\t\t","protected":false},"excerpt":{"rendered":"<p>\u00bfC\u00f3mo crear un proceso de ventas para tu inmobiliaria? Crear un proceso de ventas, te ayudar\u00e1 tanto con el seguimiento de tus negocios y consultas como para optimizar donde invertir para conseguir m\u00e1s interesados&#8230; Crear un proceso de ventas puede ser tedioso, pero una vez que todo marcha sobre rieles agradecer\u00e1s haberlo hecho, aprende como &hellip;<\/p>\n<p class=\"read-more\"> <a class=\"\" href=\"https:\/\/2clics.app\/uy\/academia-ventas\"> <span class=\"screen-reader-text\">academia-ventas<\/span> Leer m\u00e1s &raquo;<\/a><\/p>\n","protected":false},"author":1,"featured_media":0,"parent":0,"menu_order":0,"comment_status":"closed","ping_status":"closed","template":"","meta":{"site-sidebar-layout":"no-sidebar","site-content-layout":"page-builder","ast-site-content-layout":"","site-content-style":"default","site-sidebar-style":"default","ast-global-header-display":"","ast-banner-title-visibility":"","ast-main-header-display":"","ast-hfb-above-header-display":"","ast-hfb-below-header-display":"","ast-hfb-mobile-header-display":"","site-post-title":"disabled","ast-breadcrumbs-content":"","ast-featured-img":"disabled","footer-sml-layout":"","theme-transparent-header-meta":"","adv-header-id-meta":"","stick-header-meta":"","header-above-stick-meta":"","header-main-stick-meta":"","header-below-stick-meta":"","astra-migrate-meta-layouts":"","footnotes":""},"yoast_head":"<!-- This site is optimized with the Yoast SEO plugin v21.3 - https:\/\/yoast.com\/wordpress\/plugins\/seo\/ -->\n<title>Ventas | Blog | 2clics Uruguay<\/title>\n<meta name=\"robots\" content=\"noindex, follow\" \/>\n<meta property=\"og:locale\" content=\"es_ES\" \/>\n<meta property=\"og:type\" content=\"article\" \/>\n<meta property=\"og:title\" content=\"Ventas | Blog | 2clics Uruguay\" \/>\n<meta property=\"og:description\" content=\"\u00bfC\u00f3mo crear un proceso de ventas para tu inmobiliaria? Crear un proceso de ventas, te ayudar\u00e1 tanto con el seguimiento de tus negocios y consultas como para optimizar donde invertir para conseguir m\u00e1s interesados&#8230; Crear un proceso de ventas puede ser tedioso, pero una vez que todo marcha sobre rieles agradecer\u00e1s haberlo hecho, aprende como &hellip; academia-ventas Leer m\u00e1s &raquo;\" \/>\n<meta property=\"og:url\" content=\"https:\/\/2clics.app\/uy\/academia-ventas\" \/>\n<meta property=\"og:site_name\" content=\"2clics Uruguay\" \/>\n<meta property=\"article:modified_time\" content=\"2023-06-07T17:36:21+00:00\" \/>\n<meta property=\"og:image\" content=\"https:\/\/www.2clics.app\/wp-content\/uploads\/2023\/04\/logo-blog-2clics.svg\" \/>\n<meta name=\"twitter:card\" content=\"summary_large_image\" \/>\n<script type=\"application\/ld+json\" class=\"yoast-schema-graph\">{\"@context\":\"https:\/\/schema.org\",\"@graph\":[{\"@type\":\"WebPage\",\"@id\":\"https:\/\/2clics.app\/uy\/academia-ventas\",\"url\":\"https:\/\/2clics.app\/uy\/academia-ventas\",\"name\":\"Ventas | Blog | 2clics Uruguay\",\"isPartOf\":{\"@id\":\"https:\/\/2clics.app\/uy\/#website\"},\"datePublished\":\"2023-03-20T18:31:10+00:00\",\"dateModified\":\"2023-06-07T17:36:21+00:00\",\"breadcrumb\":{\"@id\":\"https:\/\/2clics.app\/uy\/academia-ventas#breadcrumb\"},\"inLanguage\":\"es-AR\",\"potentialAction\":[{\"@type\":\"ReadAction\",\"target\":[\"https:\/\/2clics.app\/uy\/academia-ventas\"]}]},{\"@type\":\"BreadcrumbList\",\"@id\":\"https:\/\/2clics.app\/uy\/academia-ventas#breadcrumb\",\"itemListElement\":[{\"@type\":\"ListItem\",\"position\":1,\"name\":\"Inicio\",\"item\":\"https:\/\/2clics.app\/uy\/\"},{\"@type\":\"ListItem\",\"position\":2,\"name\":\"academia-ventas\"}]},{\"@type\":\"WebSite\",\"@id\":\"https:\/\/2clics.app\/uy\/#website\",\"url\":\"https:\/\/2clics.app\/uy\/\",\"name\":\"2clics Uruguay\",\"description\":\"Software CRM Inmobiliario\",\"publisher\":{\"@id\":\"https:\/\/2clics.app\/uy\/#organization\"},\"potentialAction\":[{\"@type\":\"SearchAction\",\"target\":{\"@type\":\"EntryPoint\",\"urlTemplate\":\"https:\/\/2clics.app\/uy\/?s={search_term_string}\"},\"query-input\":\"required name=search_term_string\"}],\"inLanguage\":\"es-AR\"},{\"@type\":\"Organization\",\"@id\":\"https:\/\/2clics.app\/uy\/#organization\",\"name\":\"2clics\",\"url\":\"https:\/\/2clics.app\/uy\/\",\"logo\":{\"@type\":\"ImageObject\",\"inLanguage\":\"es-AR\",\"@id\":\"https:\/\/2clics.app\/uy\/#\/schema\/logo\/image\/\",\"url\":\"https:\/\/2clics.app\/wp-content\/uploads\/2020\/12\/2clics-logo.png\",\"contentUrl\":\"https:\/\/2clics.app\/wp-content\/uploads\/2020\/12\/2clics-logo.png\",\"width\":400,\"height\":124,\"caption\":\"2clics\"},\"image\":{\"@id\":\"https:\/\/2clics.app\/uy\/#\/schema\/logo\/image\/\"}}]}<\/script>\n<!-- \/ Yoast SEO plugin. -->","yoast_head_json":{"title":"Ventas | Blog | 2clics Uruguay","robots":{"index":"noindex","follow":"follow"},"og_locale":"es_ES","og_type":"article","og_title":"Ventas | Blog | 2clics Uruguay","og_description":"\u00bfC\u00f3mo crear un proceso de ventas para tu inmobiliaria? Crear un proceso de ventas, te ayudar\u00e1 tanto con el seguimiento de tus negocios y consultas como para optimizar donde invertir para conseguir m\u00e1s interesados&#8230; Crear un proceso de ventas puede ser tedioso, pero una vez que todo marcha sobre rieles agradecer\u00e1s haberlo hecho, aprende como &hellip; academia-ventas Leer m\u00e1s &raquo;","og_url":"https:\/\/2clics.app\/uy\/academia-ventas","og_site_name":"2clics Uruguay","article_modified_time":"2023-06-07T17:36:21+00:00","og_image":[{"url":"https:\/\/www.2clics.app\/wp-content\/uploads\/2023\/04\/logo-blog-2clics.svg"}],"twitter_card":"summary_large_image","schema":{"@context":"https:\/\/schema.org","@graph":[{"@type":"WebPage","@id":"https:\/\/2clics.app\/uy\/academia-ventas","url":"https:\/\/2clics.app\/uy\/academia-ventas","name":"Ventas | Blog | 2clics Uruguay","isPartOf":{"@id":"https:\/\/2clics.app\/uy\/#website"},"datePublished":"2023-03-20T18:31:10+00:00","dateModified":"2023-06-07T17:36:21+00:00","breadcrumb":{"@id":"https:\/\/2clics.app\/uy\/academia-ventas#breadcrumb"},"inLanguage":"es-AR","potentialAction":[{"@type":"ReadAction","target":["https:\/\/2clics.app\/uy\/academia-ventas"]}]},{"@type":"BreadcrumbList","@id":"https:\/\/2clics.app\/uy\/academia-ventas#breadcrumb","itemListElement":[{"@type":"ListItem","position":1,"name":"Inicio","item":"https:\/\/2clics.app\/uy\/"},{"@type":"ListItem","position":2,"name":"academia-ventas"}]},{"@type":"WebSite","@id":"https:\/\/2clics.app\/uy\/#website","url":"https:\/\/2clics.app\/uy\/","name":"2clics Uruguay","description":"Software CRM Inmobiliario","publisher":{"@id":"https:\/\/2clics.app\/uy\/#organization"},"potentialAction":[{"@type":"SearchAction","target":{"@type":"EntryPoint","urlTemplate":"https:\/\/2clics.app\/uy\/?s={search_term_string}"},"query-input":"required name=search_term_string"}],"inLanguage":"es-AR"},{"@type":"Organization","@id":"https:\/\/2clics.app\/uy\/#organization","name":"2clics","url":"https:\/\/2clics.app\/uy\/","logo":{"@type":"ImageObject","inLanguage":"es-AR","@id":"https:\/\/2clics.app\/uy\/#\/schema\/logo\/image\/","url":"https:\/\/2clics.app\/wp-content\/uploads\/2020\/12\/2clics-logo.png","contentUrl":"https:\/\/2clics.app\/wp-content\/uploads\/2020\/12\/2clics-logo.png","width":400,"height":124,"caption":"2clics"},"image":{"@id":"https:\/\/2clics.app\/uy\/#\/schema\/logo\/image\/"}}]}},"_links":{"self":[{"href":"https:\/\/2clics.app\/uy\/wp-json\/wp\/v2\/pages\/7147"}],"collection":[{"href":"https:\/\/2clics.app\/uy\/wp-json\/wp\/v2\/pages"}],"about":[{"href":"https:\/\/2clics.app\/uy\/wp-json\/wp\/v2\/types\/page"}],"author":[{"embeddable":true,"href":"https:\/\/2clics.app\/uy\/wp-json\/wp\/v2\/users\/1"}],"replies":[{"embeddable":true,"href":"https:\/\/2clics.app\/uy\/wp-json\/wp\/v2\/comments?post=7147"}],"version-history":[{"count":59,"href":"https:\/\/2clics.app\/uy\/wp-json\/wp\/v2\/pages\/7147\/revisions"}],"predecessor-version":[{"id":8575,"href":"https:\/\/2clics.app\/uy\/wp-json\/wp\/v2\/pages\/7147\/revisions\/8575"}],"wp:attachment":[{"href":"https:\/\/2clics.app\/uy\/wp-json\/wp\/v2\/media?parent=7147"}],"curies":[{"name":"wp","href":"https:\/\/api.w.org\/{rel}","templated":true}]}}